{"id":478,"date":"2021-02-03T15:39:40","date_gmt":"2021-02-03T15:39:40","guid":{"rendered":"http:\/\/zen.oceanwp.org\/?page_id=478"},"modified":"2026-03-31T18:29:44","modified_gmt":"2026-03-31T18:29:44","slug":"startseite","status":"publish","type":"page","link":"https:\/\/supplychainnavigators.com\/de\/","title":{"rendered":"Supply Chain Navigators"},"content":{"rendered":"<div data-elementor-type=\"wp-page\" data-elementor-id=\"478\" class=\"elementor elementor-478\" data-elementor-post-type=\"page\">\n\t\t\t\t<div class=\"elementor-element elementor-element-8ddb111 e-flex e-con-boxed e-con e-parent\" data-id=\"8ddb111\" data-element_type=\"container\" data-e-type=\"container\" data-settings=\"{&quot;background_background&quot;:&quot;classic&quot;}\">\n\t\t\t\t\t<div class=\"e-con-inner\">\n\t\t<div class=\"elementor-element elementor-element-5dff7d1 e-con-full e-flex e-con e-child\" data-id=\"5dff7d1\" data-element_type=\"container\" data-e-type=\"container\">\n\t\t\t\t<div class=\"elementor-element elementor-element-30b4f7c elementor-widget__width-initial elementor-widget elementor-widget-heading\" data-id=\"30b4f7c\" data-element_type=\"widget\" data-e-type=\"widget\" data-widget_type=\"heading.default\">\n\t\t\t\t\t<h1 class=\"elementor-heading-title elementor-size-default\">Wir arbeiten an der Schnittstelle zwischen Kapitaldisziplin, Automatisierungsarchitektur<br>und F\u00fchrungsstruktur.<\/h1>\t\t\t\t<\/div>\n\t\t\t\t<\/div>\n\t\t<div class=\"elementor-element elementor-element-6051573 e-con-full e-flex e-con e-child\" data-id=\"6051573\" data-element_type=\"container\" data-e-type=\"container\">\n\t\t\t\t<\/div>\n\t\t\t\t\t<\/div>\n\t\t\t\t<\/div>\n\t\t<div class=\"elementor-element elementor-element-8bc72dd e-flex e-con-boxed e-con e-parent\" data-id=\"8bc72dd\" data-element_type=\"container\" data-e-type=\"container\">\n\t\t\t\t\t<div class=\"e-con-inner\">\n\t\t<div class=\"elementor-element elementor-element-8f1854c e-con-full e-flex e-con e-child\" data-id=\"8f1854c\" data-element_type=\"container\" data-e-type=\"container\">\n\t\t\t\t<div class=\"elementor-element elementor-element-b7d6da6 elementor-widget elementor-widget-heading\" data-id=\"b7d6da6\" data-element_type=\"widget\" data-e-type=\"widget\" data-widget_type=\"heading.default\">\n\t\t\t\t\t<h2 class=\"elementor-heading-title elementor-size-default\">Strukturelle Anpassung in kapitalintensiven Vertriebsumgebungen<\/h2>\t\t\t\t<\/div>\n\t\t\t\t<div class=\"elementor-element elementor-element-ce743ae elementor-widget elementor-widget-text-editor\" data-id=\"ce743ae\" data-element_type=\"widget\" data-e-type=\"widget\" data-widget_type=\"text-editor.default\">\n\t\t\t\t\t\t\t\t\t<ul><li>Automatisierte Systeme entwickeln sich weiter.<\/li><li>Systemlandschaften wachsen.<\/li><li>Integrationsschichten werden komplexer.<\/li><li>Governance-Strukturen reifen.<\/li><li>Die Leistung kann stabil bleiben, w\u00e4hrend die zugrundeliegenden strukturellen Annahmen allm\u00e4hlich divergieren.<\/li><\/ul><p>Wir bieten eine unabh\u00e4ngige strukturelle Validierung \u00fcber die Automatisierungsarchitektur, komplexe WMS-Umgebungen und die Governance-Kadenz.<\/p><p>Unsere Arbeit unterst\u00fctzt F\u00fchrungsteams bei der Wahrung der Kapitalkoh\u00e4renz und der langfristigen Integrit\u00e4t des Betriebsmodells.<\/p>\t\t\t\t\t\t\t\t<\/div>\n\t\t\t\t<\/div>\n\t\t\t\t\t<\/div>\n\t\t\t\t<\/div>\n\t\t<div class=\"elementor-element elementor-element-123bb55 e-flex e-con-boxed e-con e-parent\" data-id=\"123bb55\" data-element_type=\"container\" data-e-type=\"container\" data-settings=\"{&quot;background_background&quot;:&quot;classic&quot;}\">\n\t\t\t\t\t<div class=\"e-con-inner\">\n\t\t<div class=\"elementor-element elementor-element-de0f3fc e-flex e-con-boxed e-con e-child\" data-id=\"de0f3fc\" data-element_type=\"container\" data-e-type=\"container\">\n\t\t\t\t\t<div class=\"e-con-inner\">\n\t\t\t\t<div class=\"elementor-element elementor-element-90130fc elementor-widget elementor-widget-heading\" data-id=\"90130fc\" data-element_type=\"widget\" data-e-type=\"widget\" data-widget_type=\"heading.default\">\n\t\t\t\t\t<h2 class=\"elementor-heading-title elementor-size-default\">UNSERE PERSPEKTIVE<\/h2>\t\t\t\t<\/div>\n\t\t\t\t<div class=\"elementor-element elementor-element-ac70e5c elementor-widget elementor-widget-text-editor\" data-id=\"ac70e5c\" data-element_type=\"widget\" data-e-type=\"widget\" data-widget_type=\"text-editor.default\">\n\t\t\t\t\t\t\t\t\t<p>Die Komplexit\u00e4t versagt nicht pl\u00f6tzlich. Sie driftet schrittweise ab.<\/p>\t\t\t\t\t\t\t\t<\/div>\n\t\t\t\t<div class=\"elementor-element elementor-element-97769c9 elementor-widget elementor-widget-text-editor\" data-id=\"97769c9\" data-element_type=\"widget\" data-e-type=\"widget\" data-widget_type=\"text-editor.default\">\n\t\t\t\t\t\t\t\t\t<p><strong>Wir bewerten die strukturelle Anpassung anhand von drei Dimensionen:<\/strong><\/p>\t\t\t\t\t\t\t\t<\/div>\n\t\t\t\t<div class=\"elementor-element elementor-element-91aff75 elementor-widget elementor-widget-heading\" data-id=\"91aff75\" data-element_type=\"widget\" data-e-type=\"widget\" data-widget_type=\"heading.default\">\n\t\t\t\t\t<h2 class=\"elementor-heading-title elementor-size-default\">Ausrichtung von Kapital und Ausf\u00fchrung<\/h2>\t\t\t\t<\/div>\n\t\t\t\t<div class=\"elementor-element elementor-element-0aa0da8 elementor-widget elementor-widget-text-editor\" data-id=\"0aa0da8\" data-element_type=\"widget\" data-e-type=\"widget\" data-widget_type=\"text-editor.default\">\n\t\t\t\t\t\t\t\t\t<p>Validierung der Frage, ob die derzeitige betriebliche Komplexit\u00e4t weiterhin durch die urspr\u00fcnglichen Kapitalannahmen und die Einf\u00fchrungsabsicht unterst\u00fctzt wird.<\/p>\t\t\t\t\t\t\t\t<\/div>\n\t\t\t\t<div class=\"elementor-element elementor-element-66c449d elementor-widget elementor-widget-heading\" data-id=\"66c449d\" data-element_type=\"widget\" data-e-type=\"widget\" data-widget_type=\"heading.default\">\n\t\t\t\t\t<h2 class=\"elementor-heading-title elementor-size-default\">Governance-Kadenz<\/h2>\t\t\t\t<\/div>\n\t\t\t\t<div class=\"elementor-element elementor-element-a746b50 elementor-widget elementor-widget-text-editor\" data-id=\"a746b50\" data-element_type=\"widget\" data-e-type=\"widget\" data-widget_type=\"text-editor.default\">\n\t\t\t\t\t\t\t\t\t<p>Bewertung der Entscheidungsarchitektur im Hinblick auf Integrationstiefe, Systemreife und strukturelle Risiken.<\/p>\t\t\t\t\t\t\t\t<\/div>\n\t\t\t\t<div class=\"elementor-element elementor-element-313ad41 elementor-widget elementor-widget-heading\" data-id=\"313ad41\" data-element_type=\"widget\" data-e-type=\"widget\" data-widget_type=\"heading.default\">\n\t\t\t\t\t<h2 class=\"elementor-heading-title elementor-size-default\">System-Koh\u00e4renz<\/h2>\t\t\t\t<\/div>\n\t\t\t\t<div class=\"elementor-element elementor-element-88e131e elementor-widget elementor-widget-text-editor\" data-id=\"88e131e\" data-element_type=\"widget\" data-e-type=\"widget\" data-widget_type=\"text-editor.default\">\n\t\t\t\t\t\t\t\t\t<p>Strukturelle \u00dcberpr\u00fcfung der ERP-, WMS- und Automatisierungsebenen, um sicherzustellen, dass die Integrationslogik weiterhin dem geplanten Betriebsmodell entspricht.<\/p>\t\t\t\t\t\t\t\t<\/div>\n\t\t\t\t\t<\/div>\n\t\t\t\t<\/div>\n\t\t\t\t\t<\/div>\n\t\t\t\t<\/div>\n\t\t<div class=\"elementor-element elementor-element-77289bc e-flex e-con-boxed e-con e-parent\" data-id=\"77289bc\" data-element_type=\"container\" data-e-type=\"container\">\n\t\t\t\t\t<div class=\"e-con-inner\">\n\t\t<div class=\"elementor-element elementor-element-4ff9916 e-con-full e-flex e-con e-child\" data-id=\"4ff9916\" data-element_type=\"container\" data-e-type=\"container\">\n\t\t\t\t<div class=\"elementor-element elementor-element-65b0681 elementor-widget elementor-widget-heading\" data-id=\"65b0681\" data-element_type=\"widget\" data-e-type=\"widget\" data-widget_type=\"heading.default\">\n\t\t\t\t\t<h2 class=\"elementor-heading-title elementor-size-default\">REPR\u00c4SENTATIVER EINSATZKONTEXT<\/h2>\t\t\t\t<\/div>\n\t\t\t\t<div class=\"elementor-element elementor-element-15f85a7 elementor-widget elementor-widget-text-editor\" data-id=\"15f85a7\" data-element_type=\"widget\" data-e-type=\"widget\" data-widget_type=\"text-editor.default\">\n\t\t\t\t\t\t\t\t\t<p>Wir sind international in kapitalintensiven Vertriebs- und Produktionsumgebungen t\u00e4tig, in denen sich die strukturelle Koh\u00e4renz direkt auf die Kapitaleffizienz und die Dauerhaftigkeit der Leistung auswirkt.<\/p><p><strong>Zu den repr\u00e4sentativen Kontexten geh\u00f6ren:<\/strong><\/p><p>Globale SAP S\/4HANA EWM-Rollout-Governance in automatisierten Vertriebsumgebungen in mehreren L\u00e4ndern.<\/p><p>Automatisierte \u00dcberpr\u00fcfungen der Hochregallagerarchitektur bei Lebenszyklus\u00fcberg\u00e4ngen oder Kapazit\u00e4tserweiterungen.<\/p><p>Strukturelle Stabilisierung auf F\u00fchrungsebene nach der Implementierung komplexer Systeme oder Automatisierungsl\u00f6sungen.<\/p><p>Validierung der Abstimmung zwischen Kapital und Ausf\u00fchrung \u00fcber geografisch verteilte Logistikzentren hinweg.<\/p><p>\u00dcberpr\u00fcfung der strukturellen Koh\u00e4renz von ausgereiften ERP-WMS-Automatisierungslandschaften.<\/p><p>Wir ersetzen keine internen Teams. Wir bieten eine unabh\u00e4ngige strukturelle Perspektive, wenn die Komplexit\u00e4t eine regelm\u00e4\u00dfige Validierung rechtfertigt.<\/p>\t\t\t\t\t\t\t\t<\/div>\n\t\t\t\t<\/div>\n\t\t\t\t\t<\/div>\n\t\t\t\t<\/div>\n\t\t<div class=\"elementor-element elementor-element-2d041f3 e-flex e-con-boxed e-con e-parent\" data-id=\"2d041f3\" data-element_type=\"container\" data-e-type=\"container\">\n\t\t\t\t\t<div class=\"e-con-inner\">\n\t\t<div class=\"elementor-element elementor-element-1515875 e-con-full e-flex e-con e-child\" data-id=\"1515875\" data-element_type=\"container\" data-e-type=\"container\">\n\t\t\t\t<div class=\"elementor-element elementor-element-0600874 elementor-widget elementor-widget-heading\" data-id=\"0600874\" data-element_type=\"widget\" data-e-type=\"widget\" data-widget_type=\"heading.default\">\n\t\t\t\t\t<h2 class=\"elementor-heading-title elementor-size-default\">60-T\u00c4GIGE STRUKTURELLE \u00dcBERPR\u00dcFUNG<\/h2>\t\t\t\t<\/div>\n\t\t\t\t<div class=\"elementor-element elementor-element-12f7f78 elementor-widget elementor-widget-text-editor\" data-id=\"12f7f78\" data-element_type=\"widget\" data-e-type=\"widget\" data-widget_type=\"text-editor.default\">\n\t\t\t\t\t\t\t\t\t<p>Die Auftr\u00e4ge beginnen in der Regel mit einem strukturierten Validierungsprozess f\u00fcr F\u00fchrungskr\u00e4fte, der darauf ausgerichtet ist:<\/p><ul><li>Abgleich der beabsichtigten Kapitalverwendung mit der aktuellen operativen Komplexit\u00e4t.<\/li><li>Bewertung der Governance-Kadenz im Verh\u00e4ltnis zur Systemtiefe und Integrationsdichte.<\/li><li>Validierung der ERP-WMS-Automatisierungskoh\u00e4renz.<\/li><li>Schaffung eines klaren, entscheidungsreifen F\u00fchrungsrahmens<\/li><\/ul><p>Wird eine strukturelle Fehlanpassung festgestellt, k\u00f6nnen die nachfolgenden Phasen die Neugestaltung der Architektur und die \u00dcberwachung der Umsetzung umfassen.<\/p>\t\t\t\t\t\t\t\t<\/div>\n\t\t\t\t<\/div>\n\t\t\t\t\t<\/div>\n\t\t\t\t<\/div>\n\t\t<div class=\"elementor-element elementor-element-faba7c6 e-flex e-con-boxed e-con e-parent\" data-id=\"faba7c6\" data-element_type=\"container\" data-e-type=\"container\">\n\t\t\t\t\t<div class=\"e-con-inner\">\n\t\t<div class=\"elementor-element elementor-element-1ae8747 e-con-full e-flex e-con e-child\" data-id=\"1ae8747\" data-element_type=\"container\" data-e-type=\"container\">\n\t\t\t\t<div class=\"elementor-element elementor-element-c73a620 elementor-widget elementor-widget-heading\" data-id=\"c73a620\" data-element_type=\"widget\" data-e-type=\"widget\" data-widget_type=\"heading.default\">\n\t\t\t\t\t<h2 class=\"elementor-heading-title elementor-size-default\">BEDIENPHILOSOPHIE<\/h2>\t\t\t\t<\/div>\n\t\t\t\t<div class=\"elementor-element elementor-element-ced9ef9 elementor-widget elementor-widget-text-editor\" data-id=\"ced9ef9\" data-element_type=\"widget\" data-e-type=\"widget\" data-widget_type=\"text-editor.default\">\n\t\t\t\t\t\t\t\t\t<p>Die strukturelle Koh\u00e4renz bestimmt die Dauerhaftigkeit.<\/p><p>Die Automatisierung erfordert eine disziplinierte Validierung der Annahmen im Laufe der Zeit.<\/p><p>Die Governance muss sich mit der Integrationstiefe weiterentwickeln.<\/p><p>Die Integrit\u00e4t des Kapitals h\u00e4ngt von der regelm\u00e4\u00dfigen \u00dcberpr\u00fcfung der Architektur ab.<\/p>\t\t\t\t\t\t\t\t<\/div>\n\t\t\t\t<\/div>\n\t\t\t\t\t<\/div>\n\t\t\t\t<\/div>\n\t\t\t\t<\/div>","protected":false},"excerpt":{"rendered":"<p>We operate at the intersection of capital discipline, automation architectureand governance structure. Structural Alignment in Capital-Intensive Distribution Environments Automation environments evolve. Systems expand. Integration layers deepen. Governance structures mature. Performance may remain stable while underlying structural assumptions gradually diverge. We provide independent structural validation across automation architecture, complex WMS environments and governance cadence. Our work [&hellip;]<\/p>\n","protected":false},"author":1,"featured_media":0,"parent":0,"menu_order":0,"comment_status":"closed","ping_status":"closed","template":"","meta":{"ocean_post_layout":"full-screen","ocean_both_sidebars_style":"","ocean_both_sidebars_content_width":0,"ocean_both_sidebars_sidebars_width":0,"ocean_sidebar":"0","ocean_second_sidebar":"0","ocean_disable_margins":"on","ocean_add_body_class":"","ocean_shortcode_before_top_bar":"","ocean_shortcode_after_top_bar":"","ocean_shortcode_before_header":"","ocean_shortcode_after_header":"","ocean_has_shortcode":"","ocean_shortcode_after_title":"","ocean_shortcode_before_footer_widgets":"","ocean_shortcode_after_footer_widgets":"","ocean_shortcode_before_footer_bottom":"","ocean_shortcode_after_footer_bottom":"","ocean_display_top_bar":"default","ocean_display_header":"default","ocean_header_style":"","ocean_center_header_left_menu":"0","ocean_custom_header_template":"0","ocean_custom_logo":0,"ocean_custom_retina_logo":0,"ocean_custom_logo_max_width":0,"ocean_custom_logo_tablet_max_width":0,"ocean_custom_logo_mobile_max_width":0,"ocean_custom_logo_max_height":0,"ocean_custom_logo_tablet_max_height":0,"ocean_custom_logo_mobile_max_height":0,"ocean_header_custom_menu":"0","ocean_menu_typo_font_family":"0","ocean_menu_typo_font_subset":"","ocean_menu_typo_font_size":0,"ocean_menu_typo_font_size_tablet":0,"ocean_menu_typo_font_size_mobile":0,"ocean_menu_typo_font_size_unit":"px","ocean_menu_typo_font_weight":"","ocean_menu_typo_font_weight_tablet":"","ocean_menu_typo_font_weight_mobile":"","ocean_menu_typo_transform":"","ocean_menu_typo_transform_tablet":"","ocean_menu_typo_transform_mobile":"","ocean_menu_typo_line_height":0,"ocean_menu_typo_line_height_tablet":0,"ocean_menu_typo_line_height_mobile":0,"ocean_menu_typo_line_height_unit":"","ocean_menu_typo_spacing":0,"ocean_menu_typo_spacing_tablet":0,"ocean_menu_typo_spacing_mobile":0,"ocean_menu_typo_spacing_unit":"","ocean_menu_link_color":"","ocean_menu_link_color_hover":"","ocean_menu_link_color_active":"","ocean_menu_link_background":"","ocean_menu_link_hover_background":"","ocean_menu_link_active_background":"","ocean_menu_social_links_bg":"","ocean_menu_social_hover_links_bg":"","ocean_menu_social_links_color":"","ocean_menu_social_hover_links_color":"","ocean_disable_title":"on","ocean_disable_heading":"default","ocean_post_title":"","ocean_post_subheading":"","ocean_post_title_style":"","ocean_post_title_background_color":"","ocean_post_title_background":0,"ocean_post_title_bg_image_position":"","ocean_post_title_bg_image_attachment":"","ocean_post_title_bg_image_repeat":"","ocean_post_title_bg_image_size":"","ocean_post_title_height":0,"ocean_post_title_bg_overlay":0.5,"ocean_post_title_bg_overlay_color":"","ocean_disable_breadcrumbs":"default","ocean_breadcrumbs_color":"","ocean_breadcrumbs_separator_color":"","ocean_breadcrumbs_links_color":"","ocean_breadcrumbs_links_hover_color":"","ocean_display_footer_widgets":"default","ocean_display_footer_bottom":"default","ocean_custom_footer_template":"0","omw_enable_modal_window":"enable","ofc_enable_fullscreen":"disable","ofc_fullscreen_speed":0,"ofc_fullscreen_nav":"enable","ofc_fullscreen_nav_pos":"right","ofc_fullscreen_nav_color":"","ofc_fullscreen_nav_tooltip_color":"","ofc_fullscreen_responsive":0,"osp_disable_panel":"default","osh_disable_topbar_sticky":"default","osh_disable_header_sticky":"default","osh_sticky_header_style":"default","osh_sticky_header_effect":"","osh_custom_sticky_logo":0,"osh_custom_retina_sticky_logo":0,"osh_custom_sticky_logo_height":0,"osh_background_color":"","osh_links_color":"","osh_links_hover_color":"","osh_links_active_color":"","osh_links_bg_color":"","osh_links_hover_bg_color":"","osh_links_active_bg_color":"","osh_menu_social_links_color":"","osh_menu_social_hover_links_color":"","footnotes":""},"class_list":["post-478","page","type-page","status-publish","hentry","entry"],"_links":{"self":[{"href":"https:\/\/supplychainnavigators.com\/de\/wp-json\/wp\/v2\/pages\/478","targetHints":{"allow":["GET"]}}],"collection":[{"href":"https:\/\/supplychainnavigators.com\/de\/wp-json\/wp\/v2\/pages"}],"about":[{"href":"https:\/\/supplychainnavigators.com\/de\/wp-json\/wp\/v2\/types\/page"}],"author":[{"embeddable":true,"href":"https:\/\/supplychainnavigators.com\/de\/wp-json\/wp\/v2\/users\/1"}],"replies":[{"embeddable":true,"href":"https:\/\/supplychainnavigators.com\/de\/wp-json\/wp\/v2\/comments?post=478"}],"version-history":[{"count":356,"href":"https:\/\/supplychainnavigators.com\/de\/wp-json\/wp\/v2\/pages\/478\/revisions"}],"predecessor-version":[{"id":2991,"href":"https:\/\/supplychainnavigators.com\/de\/wp-json\/wp\/v2\/pages\/478\/revisions\/2991"}],"wp:attachment":[{"href":"https:\/\/supplychainnavigators.com\/de\/wp-json\/wp\/v2\/media?parent=478"}],"curies":[{"name":"wp","href":"https:\/\/api.w.org\/{rel}","templated":true}]}}